{"id":2,"date":"2025-08-31T18:25:55","date_gmt":"2025-08-31T16:25:55","guid":{"rendered":"https:\/\/leblogdelucas.gregoiresename.fr\/?page_id=2"},"modified":"2025-08-31T21:20:54","modified_gmt":"2025-08-31T19:20:54","slug":"page-d-exemple","status":"publish","type":"page","link":"https:\/\/leblogdelucas.gregoiresename.fr\/?page_id=2","title":{"rendered":"Qui suis-je ?"},"content":{"rendered":"\n<p>Je m\u2019appelle Lucas, et si je devais me pr\u00e9senter en quelques mots, je dirais que je suis quelqu\u2019un de simple, curieux et passionn\u00e9 par l\u2019humour. J\u2019aime observer le monde, le raconter \u00e0 ma fa\u00e7on et surtout partager ce qui m\u2019inspire. <\/p>\n\n\n\n<p>Parmi mes sources d\u2019admiration, il y a un artiste qui occupe une place particuli\u00e8re : Booder. Au-del\u00e0 de son talent comique, ce que je respecte profond\u00e9ment chez lui, c\u2019est sa capacit\u00e9 \u00e0 transformer sa diff\u00e9rence en force. Sa taille, qui aurait pu \u00eatre un obstacle, il en a fait un atout, une signature, un symbole de r\u00e9silience et de confiance en soi. <\/p>\n\n\n\n<p>Je trouve incroyable la mani\u00e8re dont il a su s\u2019imposer dans le monde du spectacle avec humilit\u00e9, humour et authenticit\u00e9. Booder me rappelle que la grandeur ne se mesure pas en centim\u00e8tres, mais en courage, en travail et en c\u0153ur. <\/p>\n\n\n\n<p>Moi, Lucas, j\u2019essaie d\u2019appliquer cette philosophie dans ma vie : avancer avec mes qualit\u00e9s, mes d\u00e9fauts, mes diff\u00e9rences, et toujours chercher \u00e0 en tirer quelque chose de positif.<\/p>\n\n\n\n<figure class=\"wp-block-image size-large\"><img loading=\"lazy\" decoding=\"async\" width=\"917\" height=\"918\" src=\"https:\/\/leblogdelucas.gregoiresename.fr\/wp-content\/uploads\/2025\/08\/booderlucas-edited.jpeg\" alt=\"\" class=\"wp-image-22\" srcset=\"https:\/\/leblogdelucas.gregoiresename.fr\/wp-content\/uploads\/2025\/08\/booderlucas-edited.jpeg 917w, https:\/\/leblogdelucas.gregoiresename.fr\/wp-content\/uploads\/2025\/08\/booderlucas-edited-300x300.jpeg 300w, https:\/\/leblogdelucas.gregoiresename.fr\/wp-content\/uploads\/2025\/08\/booderlucas-edited-150x150.jpeg 150w, https:\/\/leblogdelucas.gregoiresename.fr\/wp-content\/uploads\/2025\/08\/booderlucas-edited-768x769.jpeg 768w\" sizes=\"auto, (max-width: 917px) 100vw, 917px\" \/><\/figure>\n","protected":false},"excerpt":{"rendered":"<p>Je m\u2019appelle Lucas, et si je devais me pr\u00e9senter en quelques mots, je dirais que je suis quelqu\u2019un de simple, curieux et passionn\u00e9 par l\u2019humour. J\u2019aime observer le monde, le raconter \u00e0 ma fa\u00e7on et surtout partager ce qui m\u2019inspire. Parmi mes sources d\u2019admiration, il y a un artiste qui occupe une place particuli\u00e8re : [&hellip;]<\/p>\n","protected":false},"author":1,"featured_media":0,"parent":0,"menu_order":0,"comment_status":"closed","ping_status":"open","template":"","meta":{"footnotes":""},"class_list":["post-2","page","type-page","status-publish","hentry"],"_links":{"self":[{"href":"https:\/\/leblogdelucas.gregoiresename.fr\/index.php?rest_route=\/wp\/v2\/pages\/2","targetHints":{"allow":["GET"]}}],"collection":[{"href":"https:\/\/leblogdelucas.gregoiresename.fr\/index.php?rest_route=\/wp\/v2\/pages"}],"about":[{"href":"https:\/\/leblogdelucas.gregoiresename.fr\/index.php?rest_route=\/wp\/v2\/types\/page"}],"author":[{"embeddable":true,"href":"https:\/\/leblogdelucas.gregoiresename.fr\/index.php?rest_route=\/wp\/v2\/users\/1"}],"replies":[{"embeddable":true,"href":"https:\/\/leblogdelucas.gregoiresename.fr\/index.php?rest_route=%2Fwp%2Fv2%2Fcomments&post=2"}],"version-history":[{"count":1,"href":"https:\/\/leblogdelucas.gregoiresename.fr\/index.php?rest_route=\/wp\/v2\/pages\/2\/revisions"}],"predecessor-version":[{"id":23,"href":"https:\/\/leblogdelucas.gregoiresename.fr\/index.php?rest_route=\/wp\/v2\/pages\/2\/revisions\/23"}],"wp:attachment":[{"href":"https:\/\/leblogdelucas.gregoiresename.fr\/index.php?rest_route=%2Fwp%2Fv2%2Fmedia&parent=2"}],"curies":[{"name":"wp","href":"https:\/\/api.w.org\/{rel}","templated":true}]}}